{"id":18048,"date":"2024-10-16T09:36:35","date_gmt":"2024-10-16T08:36:35","guid":{"rendered":"https:\/\/dev.sharep.io\/?page_id=18048"},"modified":"2024-10-18T14:29:40","modified_gmt":"2024-10-18T13:29:40","slug":"preisgestaltung","status":"publish","type":"page","link":"https:\/\/dev.sharep.io\/ch\/preisgestaltung\/","title":{"rendered":"Preisgestaltung"},"content":{"rendered":"<div class=\"wp-block-essential-blocks-advanced-heading  root-eb-advance-heading-im7m8\"><div class=\"eb-parent-wrapper eb-parent-eb-advance-heading-im7m8\"><div class=\"eb-advance-heading-wrapper eb-advance-heading-im7m8 button-1\" data-id=\"eb-advance-heading-im7m8\"><h2 class=\"eb-ah-title\"><strong>Preisliste der Parkgeb\u00fchren<\/strong><\/h2><\/div><\/div><\/div>\n\n\n\n<div class=\"wp-block-essential-blocks-advanced-heading  root-eb-advance-heading-hpekd\"><div class=\"eb-parent-wrapper eb-parent-eb-advance-heading-hpekd\"><div class=\"eb-advance-heading-wrapper eb-advance-heading-hpekd button-1\" data-id=\"eb-advance-heading-hpekd\"><h2 class=\"eb-ah-title\"><strong>Einzelne Reservierung<\/strong><\/h2><\/div><\/div><\/div>\n\n\n\n<div class=\"wp-block-essential-blocks-advanced-heading  root-eb-advance-heading-t15ws\"><div class=\"eb-parent-wrapper eb-parent-eb-advance-heading-t15ws\"><div class=\"eb-advance-heading-wrapper eb-advance-heading-t15ws button-1\" data-id=\"eb-advance-heading-t15ws\"><p class=\"eb-ah-title\">Die Parkgeb\u00fchren f\u00fcr eine einzelne Reservierung beginnen bei:<\/p><\/div><\/div><\/div>\n\n\n\n<ul class=\"wp-block-list\">\n<li>f\u00fcr eine Stunde: 4 CHF,<\/li>\n\n\n\n<li>f\u00fcr einen Tag: 40 CHF,<\/li>\n\n\n\n<li>f\u00fcr eine Woche: 180 CHF,<\/li>\n\n\n\n<li>f\u00fcr einen Monat: 550 CHF.<\/li>\n<\/ul>\n\n\n\n<div class=\"wp-block-essential-blocks-advanced-heading  root-eb-advance-heading-jtxcc\"><div class=\"eb-parent-wrapper eb-parent-eb-advance-heading-jtxcc\"><div class=\"eb-advance-heading-wrapper eb-advance-heading-jtxcc button-1\" data-id=\"eb-advance-heading-jtxcc\"><h2 class=\"eb-ah-title\"><strong>Abonnements<\/strong><\/h2><\/div><\/div><\/div>\n\n\n\n<div class=\"wp-block-essential-blocks-advanced-heading  root-eb-advance-heading-6dfl8\"><div class=\"eb-parent-wrapper eb-parent-eb-advance-heading-6dfl8\"><div class=\"eb-advance-heading-wrapper eb-advance-heading-6dfl8 button-1\" data-id=\"eb-advance-heading-6dfl8\"><p class=\"eb-ah-title\">Die Parkgeb\u00fchren f\u00fcr Abonnements beginnen bei:<\/p><\/div><\/div><\/div>\n\n\n\n<ul class=\"wp-block-list\">\n<li>f\u00fcr Nachmittage\/N\u00e4chte: 360 CHF,<\/li>\n\n\n\n<li>f\u00fcr N\u00e4chte: 260 CHF,<\/li>\n\n\n\n<li>f\u00fcr einen Monat: 550 CHF.<\/li>\n<\/ul>\n\n\n\n<div class=\"wp-block-essential-blocks-advanced-heading  root-eb-advance-heading-optoh\"><div class=\"eb-parent-wrapper eb-parent-eb-advance-heading-optoh\"><div class=\"eb-advance-heading-wrapper eb-advance-heading-optoh button-1\" data-id=\"eb-advance-heading-optoh\"><h2 class=\"eb-ah-title\"><strong>Abonnements mit einem eigenen Bereich<\/strong><\/h2><\/div><\/div><\/div>\n\n\n\n<div class=\"wp-block-essential-blocks-advanced-heading  root-eb-advance-heading-ux52t\"><div class=\"eb-parent-wrapper eb-parent-eb-advance-heading-ux52t\"><div class=\"eb-advance-heading-wrapper eb-advance-heading-ux52t button-1\" data-id=\"eb-advance-heading-ux52t\"><p class=\"eb-ah-title\">Die Parkgeb\u00fchren f\u00fcr Abonnements mit eigenem Stellplatz beginnen bei:<\/p><\/div><\/div><\/div>\n\n\n\n<ul class=\"wp-block-list\">\n<li>f\u00fcr Nachmittage\/N\u00e4chte: 560 CHF,<\/li>\n\n\n\n<li>f\u00fcr N\u00e4chte: 460 CHF,<\/li>\n\n\n\n<li>f\u00fcr einen Monat: 750 CHF.<\/li>\n<\/ul>\n\n\n\n<div class=\"wp-block-essential-blocks-advanced-heading  root-eb-advance-heading-kect2\"><div class=\"eb-parent-wrapper eb-parent-eb-advance-heading-kect2\"><div class=\"eb-advance-heading-wrapper eb-advance-heading-kect2 button-1\" data-id=\"eb-advance-heading-kect2\"><h2 class=\"eb-ah-title\"><strong>Preiserhebung<\/strong><\/h2><\/div><\/div><\/div>\n\n\n\n<div class=\"wp-block-essential-blocks-advanced-heading  root-eb-advance-heading-dve4d\"><div class=\"eb-parent-wrapper eb-parent-eb-advance-heading-dve4d\"><div class=\"eb-advance-heading-wrapper eb-advance-heading-dve4d button-1\" data-id=\"eb-advance-heading-dve4d\"><p class=\"eb-ah-title\">Die Preise f\u00fcr das Aufladen beginnen bei 0,29 Euro \/ 1 kWh<\/p><\/div><\/div><\/div>\n\n\n\n<div class=\"wp-block-essential-blocks-row alignfull  root-eb-row-yip58um\"><div class=\"eb-parent-wrapper eb-parent-eb-row-yip58um\"><div class=\"eb-row-root-container eb-row-yip58um\" data-id=\"eb-row-yip58um\"><div class=\"eb-row-wrapper\"><div class=\"eb-row-inner\">\n<div class=\"wp-block-essential-blocks-column  root-eb-column-jqzc8ou\"><div class=\"eb-parent-wrapper eb-parent-eb-column-jqzc8ou\"><div class=\"eb-column-wrapper eb-column-jqzc8ou\"><div class=\"eb-column-inner\">\n<div class=\"wp-block-essential-blocks-advanced-heading bi-color-heading  root-eb-advance-heading-kf7d20s\"><div class=\"eb-parent-wrapper eb-parent-eb-advance-heading-kf7d20s\"><div class=\"eb-advance-heading-wrapper eb-advance-heading-kf7d20s button-1\" data-id=\"eb-advance-heading-kf7d20s\"><h3 class=\"eb-ah-title\"><strong>Entdecken Sie unsere <span>Ladestationen<\/span>!<\/strong><\/h3><\/div><\/div><\/div>\n\n\n\n<div class=\"wp-block-essential-blocks-advanced-heading  root-eb-advance-heading-euxusf7\"><div class=\"eb-parent-wrapper eb-parent-eb-advance-heading-euxusf7\"><div class=\"eb-advance-heading-wrapper eb-advance-heading-euxusf7 button-1\" data-id=\"eb-advance-heading-euxusf7\"><p class=\"eb-ah-title\"><strong>Wir bieten eine umfangreiche Palette hochwertiger Produkte von renommierten Unternehmen wie Enelion, EVB und Cornerstone.<\/strong><\/p><\/div><\/div><\/div>\n\n\n\n<div class=\"wp-block-essential-blocks-row alignfull space-between  root-eb-row-qf07j2a\"><div class=\"eb-parent-wrapper eb-parent-eb-row-qf07j2a\"><div class=\"eb-row-root-container eb-row-qf07j2a\" data-id=\"eb-row-qf07j2a\"><div class=\"eb-row-wrapper\"><div class=\"eb-row-inner\">\n<div class=\"wp-block-essential-blocks-column  root-eb-column-ls4nwsj\"><div class=\"eb-parent-wrapper eb-parent-eb-column-ls4nwsj\"><div class=\"eb-column-wrapper eb-column-ls4nwsj\"><div class=\"eb-column-inner\">\n<div class=\"wp-block-essential-blocks-advanced-image  root-eb-advanced-image-ircuvj8\"><div class=\"eb-parent-wrapper eb-parent-eb-advanced-image-ircuvj8\"><figure class=\"eb-advanced-image-wrapper eb-advanced-image-ircuvj8 img-style-rounded caption-style-1 caption-horizontal-center caption-vertical-bottom bottom no-effect\" data-id=\"eb-advanced-image-ircuvj8\"><div class=\"image-wrapper\"><img decoding=\"async\" src=\"https:\/\/dev.sharep.io\/wp-content\/uploads\/2023\/03\/EnelionLumina.png\" alt=\"\"\/><\/div><\/figure><\/div><\/div>\n\n\n\n<div class=\"wp-block-essential-blocks-advanced-heading  root-eb-advance-heading-ssy5a6n\"><div class=\"eb-parent-wrapper eb-parent-eb-advance-heading-ssy5a6n\"><div class=\"eb-advance-heading-wrapper eb-advance-heading-ssy5a6n button-1\" data-id=\"eb-advance-heading-ssy5a6n\"><h4 class=\"eb-ah-title\"><strong>Enelion Lumina<\/strong><\/h4><\/div><\/div><\/div>\n\n\n\n<div class=\"wp-block-essential-blocks-advanced-heading light-text  root-eb-advance-heading-a72etnd\"><div class=\"eb-parent-wrapper eb-parent-eb-advance-heading-a72etnd\"><div class=\"eb-advance-heading-wrapper eb-advance-heading-a72etnd button-1\" data-id=\"eb-advance-heading-a72etnd\"><p class=\"eb-ah-title\">Modernes Design kombiniert mit zus\u00e4tzlicher Funktionalit\u00e4t - laden Sie Ihr Fahrrad und Auto<br>zur gleichen Zeit!<\/p><\/div><\/div><\/div>\n\n\n\n<div class=\"wp-block-essential-blocks-advanced-heading light-text  root-eb-advance-heading-sz5jd\"><div class=\"eb-parent-wrapper eb-parent-eb-advance-heading-sz5jd\"><div class=\"eb-advance-heading-wrapper eb-advance-heading-sz5jd button-1\" data-id=\"eb-advance-heading-sz5jd\"><p class=\"eb-ah-title\">Die Preise beginnen bei 799 Euro<\/p><\/div><\/div><\/div>\n<\/div><\/div><\/div><\/div>\n\n\n\n<div class=\"wp-block-essential-blocks-column  root-eb-column-yp499uv\"><div class=\"eb-parent-wrapper eb-parent-eb-column-yp499uv\"><div class=\"eb-column-wrapper eb-column-yp499uv\"><div class=\"eb-column-inner\">\n<div class=\"wp-block-essential-blocks-advanced-image  root-eb-advanced-image-upl7tmf\"><div class=\"eb-parent-wrapper eb-parent-eb-advanced-image-upl7tmf\"><figure class=\"eb-advanced-image-wrapper eb-advanced-image-upl7tmf img-style-rounded caption-style-1 caption-horizontal-center caption-vertical-bottom bottom no-effect\" data-id=\"eb-advanced-image-upl7tmf\"><div class=\"image-wrapper\"><img decoding=\"async\" src=\"https:\/\/dev.sharep.io\/wp-content\/uploads\/2023\/03\/EnelionVertica.png\" alt=\"\"\/><\/div><\/figure><\/div><\/div>\n\n\n\n<div class=\"wp-block-essential-blocks-advanced-heading  root-eb-advance-heading-ct4k8m1\"><div class=\"eb-parent-wrapper eb-parent-eb-advance-heading-ct4k8m1\"><div class=\"eb-advance-heading-wrapper eb-advance-heading-ct4k8m1 button-1\" data-id=\"eb-advance-heading-ct4k8m1\"><h4 class=\"eb-ah-title\"><strong>Enelion Vertica<\/strong><\/h4><\/div><\/div><\/div>\n\n\n\n<div class=\"wp-block-essential-blocks-advanced-heading light-text  root-eb-advance-heading-ldoolgf\"><div class=\"eb-parent-wrapper eb-parent-eb-advance-heading-ldoolgf\"><div class=\"eb-advance-heading-wrapper eb-advance-heading-ldoolgf button-1\" data-id=\"eb-advance-heading-ldoolgf\"><p class=\"eb-ah-title\">Eine elegante Lades\u00e4ule, ideal f\u00fcr Unternehmen.<br>\u00d6ffnen Sie sich f\u00fcr neue Kunden!<\/p><\/div><\/div><\/div>\n\n\n\n<div class=\"wp-block-essential-blocks-advanced-heading light-text  root-eb-advance-heading-i0ba2\"><div class=\"eb-parent-wrapper eb-parent-eb-advance-heading-i0ba2\"><div class=\"eb-advance-heading-wrapper eb-advance-heading-i0ba2 button-1\" data-id=\"eb-advance-heading-i0ba2\"><p class=\"eb-ah-title\">Preise ab 1899 Euro<\/p><\/div><\/div><\/div>\n<\/div><\/div><\/div><\/div>\n\n\n\n<div class=\"wp-block-essential-blocks-column  root-eb-column-z42hb67\"><div class=\"eb-parent-wrapper eb-parent-eb-column-z42hb67\"><div class=\"eb-column-wrapper eb-column-z42hb67\"><div class=\"eb-column-inner\">\n<div class=\"wp-block-essential-blocks-advanced-image  root-eb-advanced-image-w4thetf\"><div class=\"eb-parent-wrapper eb-parent-eb-advanced-image-w4thetf\"><figure class=\"eb-advanced-image-wrapper eb-advanced-image-w4thetf img-style-rounded caption-style-1 caption-horizontal-center caption-vertical-bottom bottom no-effect\" data-id=\"eb-advanced-image-w4thetf\"><div class=\"image-wrapper\"><img decoding=\"async\" src=\"https:\/\/dev.sharep.io\/wp-content\/uploads\/2023\/03\/EnelionWallbox.png\" alt=\"\"\/><\/div><\/figure><\/div><\/div>\n\n\n\n<div class=\"wp-block-essential-blocks-advanced-heading  root-eb-advance-heading-cqjh7b3\"><div class=\"eb-parent-wrapper eb-parent-eb-advance-heading-cqjh7b3\"><div class=\"eb-advance-heading-wrapper eb-advance-heading-cqjh7b3 button-1\" data-id=\"eb-advance-heading-cqjh7b3\"><h4 class=\"eb-ah-title\"><strong>Enelion Wallbox<\/strong><\/h4><\/div><\/div><\/div>\n\n\n\n<div class=\"wp-block-essential-blocks-advanced-heading light-text  root-eb-advance-heading-rlx6fqh\"><div class=\"eb-parent-wrapper eb-parent-eb-advance-heading-rlx6fqh\"><div class=\"eb-advance-heading-wrapper eb-advance-heading-rlx6fqh button-1\" data-id=\"eb-advance-heading-rlx6fqh\"><p class=\"eb-ah-title\">Eine problemlose Wallbox zum Aufladen von Elektroautos und Hybridfahrzeugen! Minimalismus kann<br>stilvoll und funktionell sein.<\/p><\/div><\/div><\/div>\n\n\n\n<div class=\"wp-block-essential-blocks-advanced-heading light-text  root-eb-advance-heading-822od\"><div class=\"eb-parent-wrapper eb-parent-eb-advance-heading-822od\"><div class=\"eb-advance-heading-wrapper eb-advance-heading-822od button-1\" data-id=\"eb-advance-heading-822od\"><p class=\"eb-ah-title\">Preise ab 789 Euro<\/p><\/div><\/div><\/div>\n<\/div><\/div><\/div><\/div>\n<\/div><\/div><\/div><\/div><\/div>\n\n\n\n<div class=\"wp-block-essential-blocks-advanced-heading btn-grey-heading max-350  root-eb-advance-heading-iflf0rw\"><div class=\"eb-parent-wrapper eb-parent-eb-advance-heading-iflf0rw\"><div class=\"eb-advance-heading-wrapper eb-advance-heading-iflf0rw button-1\" data-id=\"eb-advance-heading-iflf0rw\"><h3 class=\"eb-ah-title\"><strong><a href=\"#discover-how-section\">Weitere Informationen<\/a><\/strong><\/h3><\/div><\/div><\/div>\n<\/div><\/div><\/div><\/div>\n<\/div><\/div><\/div><\/div><\/div>\n\n\n\n<div style=\"height:100px\" aria-hidden=\"true\" class=\"wp-block-spacer\"><\/div>","protected":false},"excerpt":{"rendered":"","protected":false},"author":1,"featured_media":0,"parent":0,"menu_order":0,"comment_status":"closed","ping_status":"closed","template":"pitch-deck.php","meta":{"_acf_changed":false,"_eb_attr":"","inline_featured_image":false,"footnotes":""},"class_list":["post-18048","page","type-page","status-publish","hentry"],"acf":[],"yoast_head":"<!-- This site is optimized with the Yoast SEO plugin v26.2 - https:\/\/yoast.com\/wordpress\/plugins\/seo\/ -->\n<title>Pricing - Share.P<\/title>\n<meta name=\"robots\" content=\"noindex, follow, max-snippet:-1, max-image-preview:large, max-video-preview:-1\" \/>\n<meta property=\"og:locale\" content=\"de_DE\" \/>\n<meta property=\"og:type\" content=\"article\" \/>\n<meta property=\"og:title\" content=\"Pricing - Share.P\" \/>\n<meta property=\"og:url\" content=\"https:\/\/dev.sharep.io\/ch\/preisgestaltung\/\" \/>\n<meta property=\"og:site_name\" content=\"Share.P\" \/>\n<meta property=\"article:modified_time\" content=\"2024-10-18T13:29:40+00:00\" \/>\n<meta property=\"og:image\" content=\"https:\/\/dev.sharep.io\/wp-content\/uploads\/2023\/03\/EnelionLumina.png\" \/>\n<meta name=\"twitter:card\" content=\"summary_large_image\" \/>\n<meta name=\"twitter:label1\" content=\"Gesch\u00e4tzte Lesezeit\" \/>\n\t<meta name=\"twitter:data1\" content=\"1\u00a0Minute\" \/>\n<script type=\"application\/ld+json\" class=\"yoast-schema-graph\">{\"@context\":\"https:\/\/schema.org\",\"@graph\":[{\"@type\":\"WebPage\",\"@id\":\"https:\/\/dev.sharep.io\/pl\/wycena\/\",\"url\":\"https:\/\/dev.sharep.io\/pl\/wycena\/\",\"name\":\"Pricing - Share.P\",\"isPartOf\":{\"@id\":\"https:\/\/dev.sharep.io\/fr\/#website\"},\"primaryImageOfPage\":{\"@id\":\"https:\/\/dev.sharep.io\/pl\/wycena\/#primaryimage\"},\"image\":{\"@id\":\"https:\/\/dev.sharep.io\/pl\/wycena\/#primaryimage\"},\"thumbnailUrl\":\"https:\/\/dev.sharep.io\/wp-content\/uploads\/2023\/03\/EnelionLumina.png\",\"datePublished\":\"2024-10-16T08:36:35+00:00\",\"dateModified\":\"2024-10-18T13:29:40+00:00\",\"breadcrumb\":{\"@id\":\"https:\/\/dev.sharep.io\/pl\/wycena\/#breadcrumb\"},\"inLanguage\":\"de-CH\",\"potentialAction\":[{\"@type\":\"ReadAction\",\"target\":[\"https:\/\/dev.sharep.io\/pl\/wycena\/\"]}]},{\"@type\":\"ImageObject\",\"inLanguage\":\"de-CH\",\"@id\":\"https:\/\/dev.sharep.io\/pl\/wycena\/#primaryimage\",\"url\":\"https:\/\/dev.sharep.io\/wp-content\/uploads\/2023\/03\/EnelionLumina.png\",\"contentUrl\":\"https:\/\/dev.sharep.io\/wp-content\/uploads\/2023\/03\/EnelionLumina.png\"},{\"@type\":\"BreadcrumbList\",\"@id\":\"https:\/\/dev.sharep.io\/pl\/wycena\/#breadcrumb\",\"itemListElement\":[{\"@type\":\"ListItem\",\"position\":1,\"name\":\"Home\",\"item\":\"https:\/\/dev.sharep.io\/\"},{\"@type\":\"ListItem\",\"position\":2,\"name\":\"Pricing\"}]},{\"@type\":\"WebSite\",\"@id\":\"https:\/\/dev.sharep.io\/fr\/#website\",\"url\":\"https:\/\/dev.sharep.io\/fr\/\",\"name\":\"Share.P\",\"description\":\"Sustainable Mobility Solution\",\"publisher\":{\"@id\":\"https:\/\/dev.sharep.io\/fr\/#organization\"},\"potentialAction\":[{\"@type\":\"SearchAction\",\"target\":{\"@type\":\"EntryPoint\",\"urlTemplate\":\"https:\/\/dev.sharep.io\/fr\/?s={search_term_string}\"},\"query-input\":{\"@type\":\"PropertyValueSpecification\",\"valueRequired\":true,\"valueName\":\"search_term_string\"}}],\"inLanguage\":\"de-CH\"},{\"@type\":\"Organization\",\"@id\":\"https:\/\/dev.sharep.io\/fr\/#organization\",\"name\":\"ShareP\",\"url\":\"https:\/\/dev.sharep.io\/fr\/\",\"logo\":{\"@type\":\"ImageObject\",\"inLanguage\":\"de-CH\",\"@id\":\"https:\/\/dev.sharep.io\/fr\/#\/schema\/logo\/image\/\",\"url\":\"https:\/\/sharep.io\/wp-content\/uploads\/2022\/05\/SHARE_P_logo_trademark_huge_logo_trademark-1.png\",\"contentUrl\":\"https:\/\/sharep.io\/wp-content\/uploads\/2022\/05\/SHARE_P_logo_trademark_huge_logo_trademark-1.png\",\"width\":3361,\"height\":1048,\"caption\":\"ShareP\"},\"image\":{\"@id\":\"https:\/\/dev.sharep.io\/fr\/#\/schema\/logo\/image\/\"}}]}<\/script>\n<!-- \/ Yoast SEO plugin. -->","yoast_head_json":{"title":"Preisgestaltung - Share.P","robots":{"index":"noindex","follow":"follow","max-snippet":"max-snippet:-1","max-image-preview":"max-image-preview:large","max-video-preview":"max-video-preview:-1"},"og_locale":"de_DE","og_type":"article","og_title":"Pricing - Share.P","og_url":"https:\/\/dev.sharep.io\/ch\/preisgestaltung\/","og_site_name":"Share.P","article_modified_time":"2024-10-18T13:29:40+00:00","og_image":[{"url":"https:\/\/dev.sharep.io\/wp-content\/uploads\/2023\/03\/EnelionLumina.png","type":"","width":"","height":""}],"twitter_card":"summary_large_image","twitter_misc":{"Gesch\u00e4tzte Lesezeit":"1\u00a0Minute"},"schema":{"@context":"https:\/\/schema.org","@graph":[{"@type":"WebPage","@id":"https:\/\/dev.sharep.io\/pl\/wycena\/","url":"https:\/\/dev.sharep.io\/pl\/wycena\/","name":"Preisgestaltung - Share.P","isPartOf":{"@id":"https:\/\/dev.sharep.io\/fr\/#website"},"primaryImageOfPage":{"@id":"https:\/\/dev.sharep.io\/pl\/wycena\/#primaryimage"},"image":{"@id":"https:\/\/dev.sharep.io\/pl\/wycena\/#primaryimage"},"thumbnailUrl":"https:\/\/dev.sharep.io\/wp-content\/uploads\/2023\/03\/EnelionLumina.png","datePublished":"2024-10-16T08:36:35+00:00","dateModified":"2024-10-18T13:29:40+00:00","breadcrumb":{"@id":"https:\/\/dev.sharep.io\/pl\/wycena\/#breadcrumb"},"inLanguage":"de-CH","potentialAction":[{"@type":"ReadAction","target":["https:\/\/dev.sharep.io\/pl\/wycena\/"]}]},{"@type":"ImageObject","inLanguage":"de-CH","@id":"https:\/\/dev.sharep.io\/pl\/wycena\/#primaryimage","url":"https:\/\/dev.sharep.io\/wp-content\/uploads\/2023\/03\/EnelionLumina.png","contentUrl":"https:\/\/dev.sharep.io\/wp-content\/uploads\/2023\/03\/EnelionLumina.png"},{"@type":"BreadcrumbList","@id":"https:\/\/dev.sharep.io\/pl\/wycena\/#breadcrumb","itemListElement":[{"@type":"ListItem","position":1,"name":"Home","item":"https:\/\/dev.sharep.io\/"},{"@type":"ListItem","position":2,"name":"Pricing"}]},{"@type":"WebSite","@id":"https:\/\/dev.sharep.io\/fr\/#website","url":"https:\/\/dev.sharep.io\/fr\/","name":"Share.P","description":"Nachhaltige Mobilit\u00e4tsl\u00f6sung","publisher":{"@id":"https:\/\/dev.sharep.io\/fr\/#organization"},"potentialAction":[{"@type":"SearchAction","target":{"@type":"EntryPoint","urlTemplate":"https:\/\/dev.sharep.io\/fr\/?s={search_term_string}"},"query-input":{"@type":"PropertyValueSpecification","valueRequired":true,"valueName":"search_term_string"}}],"inLanguage":"de-CH"},{"@type":"Organization","@id":"https:\/\/dev.sharep.io\/fr\/#organization","name":"ShareP","url":"https:\/\/dev.sharep.io\/fr\/","logo":{"@type":"ImageObject","inLanguage":"de-CH","@id":"https:\/\/dev.sharep.io\/fr\/#\/schema\/logo\/image\/","url":"https:\/\/sharep.io\/wp-content\/uploads\/2022\/05\/SHARE_P_logo_trademark_huge_logo_trademark-1.png","contentUrl":"https:\/\/sharep.io\/wp-content\/uploads\/2022\/05\/SHARE_P_logo_trademark_huge_logo_trademark-1.png","width":3361,"height":1048,"caption":"ShareP"},"image":{"@id":"https:\/\/dev.sharep.io\/fr\/#\/schema\/logo\/image\/"}}]}},"_links":{"self":[{"href":"https:\/\/dev.sharep.io\/ch\/wp-json\/wp\/v2\/pages\/18048","targetHints":{"allow":["GET"]}}],"collection":[{"href":"https:\/\/dev.sharep.io\/ch\/wp-json\/wp\/v2\/pages"}],"about":[{"href":"https:\/\/dev.sharep.io\/ch\/wp-json\/wp\/v2\/types\/page"}],"author":[{"embeddable":true,"href":"https:\/\/dev.sharep.io\/ch\/wp-json\/wp\/v2\/users\/1"}],"replies":[{"embeddable":true,"href":"https:\/\/dev.sharep.io\/ch\/wp-json\/wp\/v2\/comments?post=18048"}],"version-history":[{"count":8,"href":"https:\/\/dev.sharep.io\/ch\/wp-json\/wp\/v2\/pages\/18048\/revisions"}],"predecessor-version":[{"id":18070,"href":"https:\/\/dev.sharep.io\/ch\/wp-json\/wp\/v2\/pages\/18048\/revisions\/18070"}],"wp:attachment":[{"href":"https:\/\/dev.sharep.io\/ch\/wp-json\/wp\/v2\/media?parent=18048"}],"curies":[{"name":"wp","href":"https:\/\/api.w.org\/{rel}","templated":true}]}}