{"id":4915,"date":"2021-10-31T20:14:54","date_gmt":"2021-10-31T20:14:54","guid":{"rendered":"http:\/\/sharep.io\/?page_id=4915"},"modified":"2022-05-05T09:53:17","modified_gmt":"2022-05-05T08:53:17","slug":"a-propos-de-share-p","status":"publish","type":"page","link":"https:\/\/dev.sharep.io\/fr\/a-propos-de-share-p\/","title":{"rendered":"A propos de Share.P"},"content":{"rendered":"","protected":false},"excerpt":{"rendered":"","protected":false},"author":1,"featured_media":0,"parent":0,"menu_order":35,"comment_status":"closed","ping_status":"closed","template":"about-sharep.php","meta":{"_acf_changed":false,"_eb_attr":"","inline_featured_image":false,"footnotes":""},"class_list":["post-4915","page","type-page","status-publish","hentry"],"acf":[],"yoast_head":"<!-- This site is optimized with the Yoast SEO plugin v26.2 - https:\/\/yoast.com\/wordpress\/plugins\/seo\/ -->\n<title>About Share.P<\/title>\n<meta name=\"description\" content=\"What is Share.P? It is an innovative plug and play parking system that digitalizes existing parking infrastructure and solves problems with parking cars and charging electric vehicles.\" \/>\n<meta name=\"robots\" content=\"noindex, follow, max-snippet:-1, max-image-preview:large, max-video-preview:-1\" \/>\n<meta property=\"og:locale\" content=\"fr_FR\" \/>\n<meta property=\"og:type\" content=\"article\" \/>\n<meta property=\"og:title\" content=\"About Share.P\" \/>\n<meta property=\"og:description\" content=\"What is Share.P? It is an innovative plug and play parking system that digitalizes existing parking infrastructure and solves problems with parking cars and charging electric vehicles.\" \/>\n<meta property=\"og:url\" content=\"https:\/\/dev.sharep.io\/fr\/a-propos-de-share-p\/\" \/>\n<meta property=\"og:site_name\" content=\"Share.P\" \/>\n<meta property=\"article:modified_time\" content=\"2022-05-05T08:53:17+00:00\" \/>\n<meta name=\"twitter:card\" content=\"summary_large_image\" \/>\n<script type=\"application\/ld+json\" class=\"yoast-schema-graph\">{\"@context\":\"https:\/\/schema.org\",\"@graph\":[{\"@type\":\"WebPage\",\"@id\":\"https:\/\/dev.sharep.io\/fr\/a-propos-de-share-p\/\",\"url\":\"https:\/\/dev.sharep.io\/fr\/a-propos-de-share-p\/\",\"name\":\"About Share.P\",\"isPartOf\":{\"@id\":\"https:\/\/dev.sharep.io\/fr\/#website\"},\"datePublished\":\"2021-10-31T20:14:54+00:00\",\"dateModified\":\"2022-05-05T08:53:17+00:00\",\"description\":\"What is Share.P? It is an innovative plug and play parking system that digitalizes existing parking infrastructure and solves problems with parking cars and charging electric vehicles.\",\"breadcrumb\":{\"@id\":\"https:\/\/dev.sharep.io\/fr\/a-propos-de-share-p\/#breadcrumb\"},\"inLanguage\":\"fr-FR\",\"potentialAction\":[{\"@type\":\"ReadAction\",\"target\":[\"https:\/\/dev.sharep.io\/fr\/a-propos-de-share-p\/\"]}]},{\"@type\":\"BreadcrumbList\",\"@id\":\"https:\/\/dev.sharep.io\/fr\/a-propos-de-share-p\/#breadcrumb\",\"itemListElement\":[{\"@type\":\"ListItem\",\"position\":1,\"name\":\"Home\",\"item\":\"https:\/\/dev.sharep.io\/\"},{\"@type\":\"ListItem\",\"position\":2,\"name\":\"About Share.P\"}]},{\"@type\":\"WebSite\",\"@id\":\"https:\/\/dev.sharep.io\/fr\/#website\",\"url\":\"https:\/\/dev.sharep.io\/fr\/\",\"name\":\"Share.P\",\"description\":\"Sustainable Mobility Solution\",\"publisher\":{\"@id\":\"https:\/\/dev.sharep.io\/fr\/#organization\"},\"potentialAction\":[{\"@type\":\"SearchAction\",\"target\":{\"@type\":\"EntryPoint\",\"urlTemplate\":\"https:\/\/dev.sharep.io\/fr\/?s={search_term_string}\"},\"query-input\":{\"@type\":\"PropertyValueSpecification\",\"valueRequired\":true,\"valueName\":\"search_term_string\"}}],\"inLanguage\":\"fr-FR\"},{\"@type\":\"Organization\",\"@id\":\"https:\/\/dev.sharep.io\/fr\/#organization\",\"name\":\"ShareP\",\"url\":\"https:\/\/dev.sharep.io\/fr\/\",\"logo\":{\"@type\":\"ImageObject\",\"inLanguage\":\"fr-FR\",\"@id\":\"https:\/\/dev.sharep.io\/fr\/#\/schema\/logo\/image\/\",\"url\":\"https:\/\/sharep.io\/wp-content\/uploads\/2022\/05\/SHARE_P_logo_trademark_huge_logo_trademark-1.png\",\"contentUrl\":\"https:\/\/sharep.io\/wp-content\/uploads\/2022\/05\/SHARE_P_logo_trademark_huge_logo_trademark-1.png\",\"width\":3361,\"height\":1048,\"caption\":\"ShareP\"},\"image\":{\"@id\":\"https:\/\/dev.sharep.io\/fr\/#\/schema\/logo\/image\/\"}}]}<\/script>\n<!-- \/ Yoast SEO plugin. -->","yoast_head_json":{"title":"A propos de Share.P","description":"Qu'est-ce que Share.P ? Il s'agit d'un syst\u00e8me de stationnement innovant et pr\u00eat \u00e0 l'emploi qui num\u00e9rise les infrastructures de stationnement existantes et r\u00e9sout les probl\u00e8mes de stationnement des voitures et de recharge des v\u00e9hicules \u00e9lectriques.","robots":{"index":"noindex","follow":"follow","max-snippet":"max-snippet:-1","max-image-preview":"max-image-preview:large","max-video-preview":"max-video-preview:-1"},"og_locale":"fr_FR","og_type":"article","og_title":"About Share.P","og_description":"What is Share.P? It is an innovative plug and play parking system that digitalizes existing parking infrastructure and solves problems with parking cars and charging electric vehicles.","og_url":"https:\/\/dev.sharep.io\/fr\/a-propos-de-share-p\/","og_site_name":"Share.P","article_modified_time":"2022-05-05T08:53:17+00:00","twitter_card":"summary_large_image","schema":{"@context":"https:\/\/schema.org","@graph":[{"@type":"WebPage","@id":"https:\/\/dev.sharep.io\/fr\/a-propos-de-share-p\/","url":"https:\/\/dev.sharep.io\/fr\/a-propos-de-share-p\/","name":"A propos de Share.P","isPartOf":{"@id":"https:\/\/dev.sharep.io\/fr\/#website"},"datePublished":"2021-10-31T20:14:54+00:00","dateModified":"2022-05-05T08:53:17+00:00","description":"Qu'est-ce que Share.P ? Il s'agit d'un syst\u00e8me de stationnement innovant et pr\u00eat \u00e0 l'emploi qui num\u00e9rise les infrastructures de stationnement existantes et r\u00e9sout les probl\u00e8mes de stationnement des voitures et de recharge des v\u00e9hicules \u00e9lectriques.","breadcrumb":{"@id":"https:\/\/dev.sharep.io\/fr\/a-propos-de-share-p\/#breadcrumb"},"inLanguage":"fr-FR","potentialAction":[{"@type":"ReadAction","target":["https:\/\/dev.sharep.io\/fr\/a-propos-de-share-p\/"]}]},{"@type":"BreadcrumbList","@id":"https:\/\/dev.sharep.io\/fr\/a-propos-de-share-p\/#breadcrumb","itemListElement":[{"@type":"ListItem","position":1,"name":"Home","item":"https:\/\/dev.sharep.io\/"},{"@type":"ListItem","position":2,"name":"About Share.P"}]},{"@type":"WebSite","@id":"https:\/\/dev.sharep.io\/fr\/#website","url":"https:\/\/dev.sharep.io\/fr\/","name":"Share.P","description":"Solution de mobilit\u00e9 durable","publisher":{"@id":"https:\/\/dev.sharep.io\/fr\/#organization"},"potentialAction":[{"@type":"SearchAction","target":{"@type":"EntryPoint","urlTemplate":"https:\/\/dev.sharep.io\/fr\/?s={search_term_string}"},"query-input":{"@type":"PropertyValueSpecification","valueRequired":true,"valueName":"search_term_string"}}],"inLanguage":"fr-FR"},{"@type":"Organization","@id":"https:\/\/dev.sharep.io\/fr\/#organization","name":"ShareP","url":"https:\/\/dev.sharep.io\/fr\/","logo":{"@type":"ImageObject","inLanguage":"fr-FR","@id":"https:\/\/dev.sharep.io\/fr\/#\/schema\/logo\/image\/","url":"https:\/\/sharep.io\/wp-content\/uploads\/2022\/05\/SHARE_P_logo_trademark_huge_logo_trademark-1.png","contentUrl":"https:\/\/sharep.io\/wp-content\/uploads\/2022\/05\/SHARE_P_logo_trademark_huge_logo_trademark-1.png","width":3361,"height":1048,"caption":"ShareP"},"image":{"@id":"https:\/\/dev.sharep.io\/fr\/#\/schema\/logo\/image\/"}}]}},"_links":{"self":[{"href":"https:\/\/dev.sharep.io\/fr\/wp-json\/wp\/v2\/pages\/4915","targetHints":{"allow":["GET"]}}],"collection":[{"href":"https:\/\/dev.sharep.io\/fr\/wp-json\/wp\/v2\/pages"}],"about":[{"href":"https:\/\/dev.sharep.io\/fr\/wp-json\/wp\/v2\/types\/page"}],"author":[{"embeddable":true,"href":"https:\/\/dev.sharep.io\/fr\/wp-json\/wp\/v2\/users\/1"}],"replies":[{"embeddable":true,"href":"https:\/\/dev.sharep.io\/fr\/wp-json\/wp\/v2\/comments?post=4915"}],"version-history":[{"count":30,"href":"https:\/\/dev.sharep.io\/fr\/wp-json\/wp\/v2\/pages\/4915\/revisions"}],"predecessor-version":[{"id":23714,"href":"https:\/\/dev.sharep.io\/fr\/wp-json\/wp\/v2\/pages\/4915\/revisions\/23714"}],"wp:attachment":[{"href":"https:\/\/dev.sharep.io\/fr\/wp-json\/wp\/v2\/media?parent=4915"}],"curies":[{"name":"wp","href":"https:\/\/api.w.org\/{rel}","templated":true}]}}