{"id":15885,"date":"2024-06-07T10:01:17","date_gmt":"2024-06-07T09:01:17","guid":{"rendered":"https:\/\/dev.sharep.io\/?page_id=15885"},"modified":"2024-10-31T11:22:51","modified_gmt":"2024-10-31T11:22:51","slug":"walidacja","status":"publish","type":"page","link":"https:\/\/dev.sharep.io\/pl\/walidacja\/","title":{"rendered":"walidacja"},"content":{"rendered":"<div class=\"wp-block-essential-blocks-row alignfull  root-eb-row-38phg\"><div class=\"eb-parent-wrapper eb-parent-eb-row-38phg\"><div class=\"eb-row-root-container eb-row-38phg\" data-id=\"eb-row-38phg\"><div class=\"eb-row-wrapper\"><div class=\"eb-row-inner\">\n<div class=\"wp-block-essential-blocks-column  root-eb-column-9ri8u\"><div class=\"eb-parent-wrapper eb-parent-eb-column-9ri8u\"><div class=\"eb-column-wrapper eb-column-9ri8u\"><div class=\"eb-column-inner\">\n<div class=\"wp-block-essential-blocks-button  root-eb-button-5u1ru\"><div class=\"eb-parent-wrapper eb-parent-eb-button-5u1ru\"><div class=\"eb-button-wrapper eb-button-alignment eb-button-5u1ru\"><div class=\"eb-button\"><div class=\"eb-button-inner-wrapper\"><a class=\"eb-button-anchor\" href=\"https:\/\/s10w-parking.softra.space\/\" rel=\"noopener\">Raszyn<\/a><\/div><\/div><\/div><\/div><\/div>\n<\/div><\/div><\/div><\/div>\n\n\n\n<div class=\"wp-block-essential-blocks-column  root-eb-column-8jkqf\"><div class=\"eb-parent-wrapper eb-parent-eb-column-8jkqf\"><div class=\"eb-column-wrapper eb-column-8jkqf\"><div class=\"eb-column-inner\">\n<div class=\"wp-block-essential-blocks-button  root-eb-button-27d24\"><div class=\"eb-parent-wrapper eb-parent-eb-button-27d24\"><div class=\"eb-button-wrapper eb-button-alignment eb-button-27d24\"><div class=\"eb-button\"><div class=\"eb-button-inner-wrapper\"><a class=\"eb-button-anchor\" href=\"https:\/\/r13-parking.softra.space\/\" rel=\"noopener\">Piaseczno<\/a><\/div><\/div><\/div><\/div><\/div>\n<\/div><\/div><\/div><\/div>\n<\/div><\/div><\/div><\/div><\/div>\n\n\n\n<div class=\"wp-block-essential-blocks-row alignfull  root-eb-row-992k9\"><div class=\"eb-parent-wrapper eb-parent-eb-row-992k9\"><div class=\"eb-row-root-container eb-row-992k9\" data-id=\"eb-row-992k9\"><div class=\"eb-row-wrapper\"><div class=\"eb-row-inner\">\n<div class=\"wp-block-essential-blocks-column  root-eb-column-4hi02\"><div class=\"eb-parent-wrapper eb-parent-eb-column-4hi02\"><div class=\"eb-column-wrapper eb-column-4hi02\"><div class=\"eb-column-inner\">\n<div class=\"wp-block-essential-blocks-advanced-heading btn-grey-heading  root-eb-advance-heading-zh6uxg3\"><div class=\"eb-parent-wrapper eb-parent-eb-advance-heading-zh6uxg3\"><div class=\"eb-advance-heading-wrapper eb-advance-heading-zh6uxg3 button-1\" data-id=\"eb-advance-heading-zh6uxg3\"><h5 class=\"eb-ah-title\"><strong><a href=\"https:\/\/s10w-parking.softra.space\/\">Raszyn<\/a><\/strong><\/h5><\/div><\/div><\/div>\n<\/div><\/div><\/div><\/div>\n\n\n\n<div class=\"wp-block-essential-blocks-column  root-eb-column-iek6m\"><div class=\"eb-parent-wrapper eb-parent-eb-column-iek6m\"><div class=\"eb-column-wrapper eb-column-iek6m\"><div class=\"eb-column-inner\">\n<div class=\"wp-block-essential-blocks-advanced-heading btn-grey-heading  root-eb-advance-heading-hg5yuu6\"><div class=\"eb-parent-wrapper eb-parent-eb-advance-heading-hg5yuu6\"><div class=\"eb-advance-heading-wrapper eb-advance-heading-hg5yuu6 button-1\" data-id=\"eb-advance-heading-hg5yuu6\"><p class=\"eb-ah-title\"><strong><a href=\"https:\/\/r13-parking.softra.space\/\">Piaseczno<\/a><\/strong><\/p><\/div><\/div><\/div>\n<\/div><\/div><\/div><\/div>\n<\/div><\/div><\/div><\/div><\/div>","protected":false},"excerpt":{"rendered":"","protected":false},"author":4,"featured_media":0,"parent":0,"menu_order":0,"comment_status":"closed","ping_status":"closed","template":"pitch-deck.php","meta":{"_acf_changed":false,"_eb_attr":"","inline_featured_image":false,"footnotes":""},"class_list":["post-15885","page","type-page","status-publish","hentry"],"acf":[],"yoast_head":"<!-- This site is optimized with the Yoast SEO plugin v26.2 - https:\/\/yoast.com\/wordpress\/plugins\/seo\/ -->\n<title>walidacja - Share.P<\/title>\n<meta name=\"robots\" content=\"noindex, follow, max-snippet:-1, max-image-preview:large, max-video-preview:-1\" \/>\n<meta property=\"og:locale\" content=\"pl_PL\" \/>\n<meta property=\"og:type\" content=\"article\" \/>\n<meta property=\"og:title\" content=\"walidacja - Share.P\" \/>\n<meta property=\"og:url\" content=\"https:\/\/dev.sharep.io\/pl\/walidacja\/\" \/>\n<meta property=\"og:site_name\" content=\"Share.P\" \/>\n<meta property=\"article:modified_time\" content=\"2024-10-31T11:22:51+00:00\" \/>\n<meta name=\"twitter:card\" content=\"summary_large_image\" \/>\n<script type=\"application\/ld+json\" class=\"yoast-schema-graph\">{\"@context\":\"https:\/\/schema.org\",\"@graph\":[{\"@type\":\"WebPage\",\"@id\":\"https:\/\/dev.sharep.io\/walidacja\/\",\"url\":\"https:\/\/dev.sharep.io\/walidacja\/\",\"name\":\"walidacja - Share.P\",\"isPartOf\":{\"@id\":\"https:\/\/dev.sharep.io\/fr\/#website\"},\"datePublished\":\"2024-06-07T09:01:17+00:00\",\"dateModified\":\"2024-10-31T11:22:51+00:00\",\"breadcrumb\":{\"@id\":\"https:\/\/dev.sharep.io\/walidacja\/#breadcrumb\"},\"inLanguage\":\"pl-PL\",\"potentialAction\":[{\"@type\":\"ReadAction\",\"target\":[\"https:\/\/dev.sharep.io\/walidacja\/\"]}]},{\"@type\":\"BreadcrumbList\",\"@id\":\"https:\/\/dev.sharep.io\/walidacja\/#breadcrumb\",\"itemListElement\":[{\"@type\":\"ListItem\",\"position\":1,\"name\":\"Home\",\"item\":\"https:\/\/dev.sharep.io\/\"},{\"@type\":\"ListItem\",\"position\":2,\"name\":\"walidacja\"}]},{\"@type\":\"WebSite\",\"@id\":\"https:\/\/dev.sharep.io\/fr\/#website\",\"url\":\"https:\/\/dev.sharep.io\/fr\/\",\"name\":\"Share.P\",\"description\":\"Sustainable Mobility Solution\",\"publisher\":{\"@id\":\"https:\/\/dev.sharep.io\/fr\/#organization\"},\"potentialAction\":[{\"@type\":\"SearchAction\",\"target\":{\"@type\":\"EntryPoint\",\"urlTemplate\":\"https:\/\/dev.sharep.io\/fr\/?s={search_term_string}\"},\"query-input\":{\"@type\":\"PropertyValueSpecification\",\"valueRequired\":true,\"valueName\":\"search_term_string\"}}],\"inLanguage\":\"pl-PL\"},{\"@type\":\"Organization\",\"@id\":\"https:\/\/dev.sharep.io\/fr\/#organization\",\"name\":\"ShareP\",\"url\":\"https:\/\/dev.sharep.io\/fr\/\",\"logo\":{\"@type\":\"ImageObject\",\"inLanguage\":\"pl-PL\",\"@id\":\"https:\/\/dev.sharep.io\/fr\/#\/schema\/logo\/image\/\",\"url\":\"https:\/\/sharep.io\/wp-content\/uploads\/2022\/05\/SHARE_P_logo_trademark_huge_logo_trademark-1.png\",\"contentUrl\":\"https:\/\/sharep.io\/wp-content\/uploads\/2022\/05\/SHARE_P_logo_trademark_huge_logo_trademark-1.png\",\"width\":3361,\"height\":1048,\"caption\":\"ShareP\"},\"image\":{\"@id\":\"https:\/\/dev.sharep.io\/fr\/#\/schema\/logo\/image\/\"}}]}<\/script>\n<!-- \/ Yoast SEO plugin. -->","yoast_head_json":{"title":"walidacja - Share.P","robots":{"index":"noindex","follow":"follow","max-snippet":"max-snippet:-1","max-image-preview":"max-image-preview:large","max-video-preview":"max-video-preview:-1"},"og_locale":"pl_PL","og_type":"article","og_title":"walidacja - Share.P","og_url":"https:\/\/dev.sharep.io\/pl\/walidacja\/","og_site_name":"Share.P","article_modified_time":"2024-10-31T11:22:51+00:00","twitter_card":"summary_large_image","schema":{"@context":"https:\/\/schema.org","@graph":[{"@type":"WebPage","@id":"https:\/\/dev.sharep.io\/walidacja\/","url":"https:\/\/dev.sharep.io\/walidacja\/","name":"walidacja - Share.P","isPartOf":{"@id":"https:\/\/dev.sharep.io\/fr\/#website"},"datePublished":"2024-06-07T09:01:17+00:00","dateModified":"2024-10-31T11:22:51+00:00","breadcrumb":{"@id":"https:\/\/dev.sharep.io\/walidacja\/#breadcrumb"},"inLanguage":"pl-PL","potentialAction":[{"@type":"ReadAction","target":["https:\/\/dev.sharep.io\/walidacja\/"]}]},{"@type":"BreadcrumbList","@id":"https:\/\/dev.sharep.io\/walidacja\/#breadcrumb","itemListElement":[{"@type":"ListItem","position":1,"name":"Home","item":"https:\/\/dev.sharep.io\/"},{"@type":"ListItem","position":2,"name":"walidacja"}]},{"@type":"WebSite","@id":"https:\/\/dev.sharep.io\/fr\/#website","url":"https:\/\/dev.sharep.io\/fr\/","name":"Share.P","description":"Zr\u00f3wnowa\u017cone rozwi\u0105zania w zakresie mobilno\u015bci","publisher":{"@id":"https:\/\/dev.sharep.io\/fr\/#organization"},"potentialAction":[{"@type":"SearchAction","target":{"@type":"EntryPoint","urlTemplate":"https:\/\/dev.sharep.io\/fr\/?s={search_term_string}"},"query-input":{"@type":"PropertyValueSpecification","valueRequired":true,"valueName":"search_term_string"}}],"inLanguage":"pl-PL"},{"@type":"Organization","@id":"https:\/\/dev.sharep.io\/fr\/#organization","name":"ShareP","url":"https:\/\/dev.sharep.io\/fr\/","logo":{"@type":"ImageObject","inLanguage":"pl-PL","@id":"https:\/\/dev.sharep.io\/fr\/#\/schema\/logo\/image\/","url":"https:\/\/sharep.io\/wp-content\/uploads\/2022\/05\/SHARE_P_logo_trademark_huge_logo_trademark-1.png","contentUrl":"https:\/\/sharep.io\/wp-content\/uploads\/2022\/05\/SHARE_P_logo_trademark_huge_logo_trademark-1.png","width":3361,"height":1048,"caption":"ShareP"},"image":{"@id":"https:\/\/dev.sharep.io\/fr\/#\/schema\/logo\/image\/"}}]}},"_links":{"self":[{"href":"https:\/\/dev.sharep.io\/pl\/wp-json\/wp\/v2\/pages\/15885","targetHints":{"allow":["GET"]}}],"collection":[{"href":"https:\/\/dev.sharep.io\/pl\/wp-json\/wp\/v2\/pages"}],"about":[{"href":"https:\/\/dev.sharep.io\/pl\/wp-json\/wp\/v2\/types\/page"}],"author":[{"embeddable":true,"href":"https:\/\/dev.sharep.io\/pl\/wp-json\/wp\/v2\/users\/4"}],"replies":[{"embeddable":true,"href":"https:\/\/dev.sharep.io\/pl\/wp-json\/wp\/v2\/comments?post=15885"}],"version-history":[{"count":18,"href":"https:\/\/dev.sharep.io\/pl\/wp-json\/wp\/v2\/pages\/15885\/revisions"}],"predecessor-version":[{"id":18355,"href":"https:\/\/dev.sharep.io\/pl\/wp-json\/wp\/v2\/pages\/15885\/revisions\/18355"}],"wp:attachment":[{"href":"https:\/\/dev.sharep.io\/pl\/wp-json\/wp\/v2\/media?parent=15885"}],"curies":[{"name":"wp","href":"https:\/\/api.w.org\/{rel}","templated":true}]}}