{"id":6661,"date":"2022-03-04T10:13:45","date_gmt":"2022-03-04T10:13:45","guid":{"rendered":"http:\/\/sharep.io\/?page_id=6661"},"modified":"2022-12-13T17:38:37","modified_gmt":"2022-12-13T17:38:37","slug":"bilety-parkingowe","status":"publish","type":"page","link":"https:\/\/dev.sharep.io\/pl\/pobieranie-aplikacji\/bilety-parkingowe\/","title":{"rendered":"Parkuj z Share.P!"},"content":{"rendered":"","protected":false},"excerpt":{"rendered":"","protected":false},"author":1,"featured_media":0,"parent":119,"menu_order":0,"comment_status":"closed","ping_status":"closed","template":"parking-tickets.php","meta":{"_acf_changed":false,"_eb_attr":"","inline_featured_image":false,"footnotes":""},"class_list":["post-6661","page","type-page","status-publish","hentry"],"acf":[],"yoast_head":"<!-- This site is optimized with the Yoast SEO plugin v26.2 - https:\/\/yoast.com\/wordpress\/plugins\/seo\/ -->\n<title>Parkuj z Share.P! - Share.P<\/title>\n<meta name=\"robots\" content=\"noindex, follow, max-snippet:-1, max-image-preview:large, max-video-preview:-1\" \/>\n<meta property=\"og:locale\" content=\"pl_PL\" \/>\n<meta property=\"og:type\" content=\"article\" \/>\n<meta property=\"og:title\" content=\"Parkuj z Share.P! - Share.P\" \/>\n<meta property=\"og:url\" content=\"https:\/\/dev.sharep.io\/pl\/pobieranie-aplikacji\/bilety-parkingowe\/\" \/>\n<meta property=\"og:site_name\" content=\"Share.P\" \/>\n<meta property=\"article:modified_time\" content=\"2022-12-13T17:38:37+00:00\" \/>\n<meta name=\"twitter:card\" content=\"summary_large_image\" \/>\n<script type=\"application\/ld+json\" class=\"yoast-schema-graph\">{\"@context\":\"https:\/\/schema.org\",\"@graph\":[{\"@type\":\"WebPage\",\"@id\":\"https:\/\/dev.sharep.io\/it\/scaricare-lapp\/biglietti-per-il-parcheggio\/\",\"url\":\"https:\/\/dev.sharep.io\/it\/scaricare-lapp\/biglietti-per-il-parcheggio\/\",\"name\":\"Parkuj z Share.P! - Share.P\",\"isPartOf\":{\"@id\":\"https:\/\/dev.sharep.io\/fr\/#website\"},\"datePublished\":\"2022-03-04T10:13:45+00:00\",\"dateModified\":\"2022-12-13T17:38:37+00:00\",\"breadcrumb\":{\"@id\":\"https:\/\/dev.sharep.io\/it\/scaricare-lapp\/biglietti-per-il-parcheggio\/#breadcrumb\"},\"inLanguage\":\"pl-PL\",\"potentialAction\":[{\"@type\":\"ReadAction\",\"target\":[\"https:\/\/dev.sharep.io\/it\/scaricare-lapp\/biglietti-per-il-parcheggio\/\"]}]},{\"@type\":\"BreadcrumbList\",\"@id\":\"https:\/\/dev.sharep.io\/it\/scaricare-lapp\/biglietti-per-il-parcheggio\/#breadcrumb\",\"itemListElement\":[{\"@type\":\"ListItem\",\"position\":1,\"name\":\"Home\",\"item\":\"https:\/\/dev.sharep.io\/\"},{\"@type\":\"ListItem\",\"position\":2,\"name\":\"App download\",\"item\":\"https:\/\/dev.sharep.io\/it\/scaricare-lapp\/\"},{\"@type\":\"ListItem\",\"position\":3,\"name\":\"Parkuj z Share.P!\"}]},{\"@type\":\"WebSite\",\"@id\":\"https:\/\/dev.sharep.io\/fr\/#website\",\"url\":\"https:\/\/dev.sharep.io\/fr\/\",\"name\":\"Share.P\",\"description\":\"Sustainable Mobility Solution\",\"publisher\":{\"@id\":\"https:\/\/dev.sharep.io\/fr\/#organization\"},\"potentialAction\":[{\"@type\":\"SearchAction\",\"target\":{\"@type\":\"EntryPoint\",\"urlTemplate\":\"https:\/\/dev.sharep.io\/fr\/?s={search_term_string}\"},\"query-input\":{\"@type\":\"PropertyValueSpecification\",\"valueRequired\":true,\"valueName\":\"search_term_string\"}}],\"inLanguage\":\"pl-PL\"},{\"@type\":\"Organization\",\"@id\":\"https:\/\/dev.sharep.io\/fr\/#organization\",\"name\":\"ShareP\",\"url\":\"https:\/\/dev.sharep.io\/fr\/\",\"logo\":{\"@type\":\"ImageObject\",\"inLanguage\":\"pl-PL\",\"@id\":\"https:\/\/dev.sharep.io\/fr\/#\/schema\/logo\/image\/\",\"url\":\"https:\/\/sharep.io\/wp-content\/uploads\/2022\/05\/SHARE_P_logo_trademark_huge_logo_trademark-1.png\",\"contentUrl\":\"https:\/\/sharep.io\/wp-content\/uploads\/2022\/05\/SHARE_P_logo_trademark_huge_logo_trademark-1.png\",\"width\":3361,\"height\":1048,\"caption\":\"ShareP\"},\"image\":{\"@id\":\"https:\/\/dev.sharep.io\/fr\/#\/schema\/logo\/image\/\"}}]}<\/script>\n<!-- \/ Yoast SEO plugin. -->","yoast_head_json":{"title":"Parkuj z Share.P! - Share.P","robots":{"index":"noindex","follow":"follow","max-snippet":"max-snippet:-1","max-image-preview":"max-image-preview:large","max-video-preview":"max-video-preview:-1"},"og_locale":"pl_PL","og_type":"article","og_title":"Parkuj z Share.P! - Share.P","og_url":"https:\/\/dev.sharep.io\/pl\/pobieranie-aplikacji\/bilety-parkingowe\/","og_site_name":"Share.P","article_modified_time":"2022-12-13T17:38:37+00:00","twitter_card":"summary_large_image","schema":{"@context":"https:\/\/schema.org","@graph":[{"@type":"WebPage","@id":"https:\/\/dev.sharep.io\/it\/scaricare-lapp\/biglietti-per-il-parcheggio\/","url":"https:\/\/dev.sharep.io\/it\/scaricare-lapp\/biglietti-per-il-parcheggio\/","name":"Parkuj z Share.P! - Share.P","isPartOf":{"@id":"https:\/\/dev.sharep.io\/fr\/#website"},"datePublished":"2022-03-04T10:13:45+00:00","dateModified":"2022-12-13T17:38:37+00:00","breadcrumb":{"@id":"https:\/\/dev.sharep.io\/it\/scaricare-lapp\/biglietti-per-il-parcheggio\/#breadcrumb"},"inLanguage":"pl-PL","potentialAction":[{"@type":"ReadAction","target":["https:\/\/dev.sharep.io\/it\/scaricare-lapp\/biglietti-per-il-parcheggio\/"]}]},{"@type":"BreadcrumbList","@id":"https:\/\/dev.sharep.io\/it\/scaricare-lapp\/biglietti-per-il-parcheggio\/#breadcrumb","itemListElement":[{"@type":"ListItem","position":1,"name":"Home","item":"https:\/\/dev.sharep.io\/"},{"@type":"ListItem","position":2,"name":"App download","item":"https:\/\/dev.sharep.io\/it\/scaricare-lapp\/"},{"@type":"ListItem","position":3,"name":"Parkuj z Share.P!"}]},{"@type":"WebSite","@id":"https:\/\/dev.sharep.io\/fr\/#website","url":"https:\/\/dev.sharep.io\/fr\/","name":"Share.P","description":"Zr\u00f3wnowa\u017cone rozwi\u0105zania w zakresie mobilno\u015bci","publisher":{"@id":"https:\/\/dev.sharep.io\/fr\/#organization"},"potentialAction":[{"@type":"SearchAction","target":{"@type":"EntryPoint","urlTemplate":"https:\/\/dev.sharep.io\/fr\/?s={search_term_string}"},"query-input":{"@type":"PropertyValueSpecification","valueRequired":true,"valueName":"search_term_string"}}],"inLanguage":"pl-PL"},{"@type":"Organization","@id":"https:\/\/dev.sharep.io\/fr\/#organization","name":"ShareP","url":"https:\/\/dev.sharep.io\/fr\/","logo":{"@type":"ImageObject","inLanguage":"pl-PL","@id":"https:\/\/dev.sharep.io\/fr\/#\/schema\/logo\/image\/","url":"https:\/\/sharep.io\/wp-content\/uploads\/2022\/05\/SHARE_P_logo_trademark_huge_logo_trademark-1.png","contentUrl":"https:\/\/sharep.io\/wp-content\/uploads\/2022\/05\/SHARE_P_logo_trademark_huge_logo_trademark-1.png","width":3361,"height":1048,"caption":"ShareP"},"image":{"@id":"https:\/\/dev.sharep.io\/fr\/#\/schema\/logo\/image\/"}}]}},"_links":{"self":[{"href":"https:\/\/dev.sharep.io\/pl\/wp-json\/wp\/v2\/pages\/6661","targetHints":{"allow":["GET"]}}],"collection":[{"href":"https:\/\/dev.sharep.io\/pl\/wp-json\/wp\/v2\/pages"}],"about":[{"href":"https:\/\/dev.sharep.io\/pl\/wp-json\/wp\/v2\/types\/page"}],"author":[{"embeddable":true,"href":"https:\/\/dev.sharep.io\/pl\/wp-json\/wp\/v2\/users\/1"}],"replies":[{"embeddable":true,"href":"https:\/\/dev.sharep.io\/pl\/wp-json\/wp\/v2\/comments?post=6661"}],"version-history":[{"count":16,"href":"https:\/\/dev.sharep.io\/pl\/wp-json\/wp\/v2\/pages\/6661\/revisions"}],"predecessor-version":[{"id":11064,"href":"https:\/\/dev.sharep.io\/pl\/wp-json\/wp\/v2\/pages\/6661\/revisions\/11064"}],"up":[{"embeddable":true,"href":"https:\/\/dev.sharep.io\/pl\/wp-json\/wp\/v2\/pages\/119"}],"wp:attachment":[{"href":"https:\/\/dev.sharep.io\/pl\/wp-json\/wp\/v2\/media?parent=6661"}],"curies":[{"name":"wp","href":"https:\/\/api.w.org\/{rel}","templated":true}]}}