{"id":7834,"date":"2022-05-27T08:31:00","date_gmt":"2022-05-27T07:31:00","guid":{"rendered":"https:\/\/dev.sharep.io\/?page_id=7834"},"modified":"2022-05-27T09:27:45","modified_gmt":"2022-05-27T08:27:45","slug":"jak-naladowac","status":"publish","type":"page","link":"https:\/\/dev.sharep.io\/pl\/jak-naladowac\/","title":{"rendered":"Jak \u0142adowa\u0107"},"content":{"rendered":"<p>Jak \u0142adowa\u0107<\/p>\n<p><img loading=\"lazy\" decoding=\"async\" class=\"aligncenter wp-image-7838 size-full\" src=\"https:\/\/dev.sharep.io\/wp-content\/uploads\/2022\/05\/how-to-charge-ev-2022-05-27_o_09.27.33.png\" alt=\"\" width=\"2444\" height=\"1078\" srcset=\"https:\/\/dev.sharep.io\/wp-content\/uploads\/2022\/05\/how-to-charge-ev-2022-05-27_o_09.27.33.png 2444w, https:\/\/dev.sharep.io\/wp-content\/uploads\/2022\/05\/how-to-charge-ev-2022-05-27_o_09.27.33-300x132.png 300w, https:\/\/dev.sharep.io\/wp-content\/uploads\/2022\/05\/how-to-charge-ev-2022-05-27_o_09.27.33-1024x452.png 1024w, https:\/\/dev.sharep.io\/wp-content\/uploads\/2022\/05\/how-to-charge-ev-2022-05-27_o_09.27.33-768x339.png 768w, https:\/\/dev.sharep.io\/wp-content\/uploads\/2022\/05\/how-to-charge-ev-2022-05-27_o_09.27.33-1536x677.png 1536w, https:\/\/dev.sharep.io\/wp-content\/uploads\/2022\/05\/how-to-charge-ev-2022-05-27_o_09.27.33-2048x903.png 2048w, https:\/\/dev.sharep.io\/wp-content\/uploads\/2022\/05\/how-to-charge-ev-2022-05-27_o_09.27.33-18x8.png 18w\" sizes=\"auto, (max-width: 2444px) 100vw, 2444px\" \/><\/p>","protected":false},"excerpt":{"rendered":"<p>Jak \u0142adowa\u0107<\/p>","protected":false},"author":1,"featured_media":0,"parent":0,"menu_order":23,"comment_status":"closed","ping_status":"closed","template":"","meta":{"_acf_changed":false,"_eb_attr":"","inline_featured_image":false,"footnotes":""},"class_list":["post-7834","page","type-page","status-publish","hentry"],"acf":[],"yoast_head":"<!-- This site is optimized with the Yoast SEO plugin v26.2 - https:\/\/yoast.com\/wordpress\/plugins\/seo\/ -->\n<title>How to charge - Share.P<\/title>\n<meta name=\"robots\" content=\"noindex, follow, max-snippet:-1, max-image-preview:large, max-video-preview:-1\" \/>\n<meta property=\"og:locale\" content=\"pl_PL\" \/>\n<meta property=\"og:type\" content=\"article\" \/>\n<meta property=\"og:title\" content=\"How to charge - Share.P\" \/>\n<meta property=\"og:description\" content=\"How to charge\" \/>\n<meta property=\"og:url\" content=\"https:\/\/dev.sharep.io\/pl\/jak-naladowac\/\" \/>\n<meta property=\"og:site_name\" content=\"Share.P\" \/>\n<meta property=\"article:modified_time\" content=\"2022-05-27T08:27:45+00:00\" \/>\n<meta property=\"og:image\" content=\"https:\/\/dev.sharep.io\/wp-content\/uploads\/2022\/05\/how-to-charge-ev-2022-05-27_o_09.27.33.png\" \/>\n<meta name=\"twitter:card\" content=\"summary_large_image\" \/>\n<script type=\"application\/ld+json\" class=\"yoast-schema-graph\">{\"@context\":\"https:\/\/schema.org\",\"@graph\":[{\"@type\":\"WebPage\",\"@id\":\"https:\/\/dev.sharep.io\/how-to-charge\/\",\"url\":\"https:\/\/dev.sharep.io\/how-to-charge\/\",\"name\":\"How to charge - Share.P\",\"isPartOf\":{\"@id\":\"https:\/\/dev.sharep.io\/fr\/#website\"},\"primaryImageOfPage\":{\"@id\":\"https:\/\/dev.sharep.io\/how-to-charge\/#primaryimage\"},\"image\":{\"@id\":\"https:\/\/dev.sharep.io\/how-to-charge\/#primaryimage\"},\"thumbnailUrl\":\"https:\/\/dev.sharep.io\/wp-content\/uploads\/2022\/05\/how-to-charge-ev-2022-05-27_o_09.27.33.png\",\"datePublished\":\"2022-05-27T07:31:00+00:00\",\"dateModified\":\"2022-05-27T08:27:45+00:00\",\"breadcrumb\":{\"@id\":\"https:\/\/dev.sharep.io\/how-to-charge\/#breadcrumb\"},\"inLanguage\":\"pl-PL\",\"potentialAction\":[{\"@type\":\"ReadAction\",\"target\":[\"https:\/\/dev.sharep.io\/how-to-charge\/\"]}]},{\"@type\":\"ImageObject\",\"inLanguage\":\"pl-PL\",\"@id\":\"https:\/\/dev.sharep.io\/how-to-charge\/#primaryimage\",\"url\":\"https:\/\/dev.sharep.io\/wp-content\/uploads\/2022\/05\/how-to-charge-ev-2022-05-27_o_09.27.33.png\",\"contentUrl\":\"https:\/\/dev.sharep.io\/wp-content\/uploads\/2022\/05\/how-to-charge-ev-2022-05-27_o_09.27.33.png\"},{\"@type\":\"BreadcrumbList\",\"@id\":\"https:\/\/dev.sharep.io\/how-to-charge\/#breadcrumb\",\"itemListElement\":[{\"@type\":\"ListItem\",\"position\":1,\"name\":\"Home\",\"item\":\"https:\/\/dev.sharep.io\/\"},{\"@type\":\"ListItem\",\"position\":2,\"name\":\"How to charge\"}]},{\"@type\":\"WebSite\",\"@id\":\"https:\/\/dev.sharep.io\/fr\/#website\",\"url\":\"https:\/\/dev.sharep.io\/fr\/\",\"name\":\"Share.P\",\"description\":\"Sustainable Mobility Solution\",\"publisher\":{\"@id\":\"https:\/\/dev.sharep.io\/fr\/#organization\"},\"potentialAction\":[{\"@type\":\"SearchAction\",\"target\":{\"@type\":\"EntryPoint\",\"urlTemplate\":\"https:\/\/dev.sharep.io\/fr\/?s={search_term_string}\"},\"query-input\":{\"@type\":\"PropertyValueSpecification\",\"valueRequired\":true,\"valueName\":\"search_term_string\"}}],\"inLanguage\":\"pl-PL\"},{\"@type\":\"Organization\",\"@id\":\"https:\/\/dev.sharep.io\/fr\/#organization\",\"name\":\"ShareP\",\"url\":\"https:\/\/dev.sharep.io\/fr\/\",\"logo\":{\"@type\":\"ImageObject\",\"inLanguage\":\"pl-PL\",\"@id\":\"https:\/\/dev.sharep.io\/fr\/#\/schema\/logo\/image\/\",\"url\":\"https:\/\/sharep.io\/wp-content\/uploads\/2022\/05\/SHARE_P_logo_trademark_huge_logo_trademark-1.png\",\"contentUrl\":\"https:\/\/sharep.io\/wp-content\/uploads\/2022\/05\/SHARE_P_logo_trademark_huge_logo_trademark-1.png\",\"width\":3361,\"height\":1048,\"caption\":\"ShareP\"},\"image\":{\"@id\":\"https:\/\/dev.sharep.io\/fr\/#\/schema\/logo\/image\/\"}}]}<\/script>\n<!-- \/ Yoast SEO plugin. -->","yoast_head_json":{"title":"Spos\u00f3b \u0142adowania - Share.P","robots":{"index":"noindex","follow":"follow","max-snippet":"max-snippet:-1","max-image-preview":"max-image-preview:large","max-video-preview":"max-video-preview:-1"},"og_locale":"pl_PL","og_type":"article","og_title":"How to charge - Share.P","og_description":"How to charge","og_url":"https:\/\/dev.sharep.io\/pl\/jak-naladowac\/","og_site_name":"Share.P","article_modified_time":"2022-05-27T08:27:45+00:00","og_image":[{"url":"https:\/\/dev.sharep.io\/wp-content\/uploads\/2022\/05\/how-to-charge-ev-2022-05-27_o_09.27.33.png","type":"","width":"","height":""}],"twitter_card":"summary_large_image","schema":{"@context":"https:\/\/schema.org","@graph":[{"@type":"WebPage","@id":"https:\/\/dev.sharep.io\/how-to-charge\/","url":"https:\/\/dev.sharep.io\/how-to-charge\/","name":"Spos\u00f3b \u0142adowania - Share.P","isPartOf":{"@id":"https:\/\/dev.sharep.io\/fr\/#website"},"primaryImageOfPage":{"@id":"https:\/\/dev.sharep.io\/how-to-charge\/#primaryimage"},"image":{"@id":"https:\/\/dev.sharep.io\/how-to-charge\/#primaryimage"},"thumbnailUrl":"https:\/\/dev.sharep.io\/wp-content\/uploads\/2022\/05\/how-to-charge-ev-2022-05-27_o_09.27.33.png","datePublished":"2022-05-27T07:31:00+00:00","dateModified":"2022-05-27T08:27:45+00:00","breadcrumb":{"@id":"https:\/\/dev.sharep.io\/how-to-charge\/#breadcrumb"},"inLanguage":"pl-PL","potentialAction":[{"@type":"ReadAction","target":["https:\/\/dev.sharep.io\/how-to-charge\/"]}]},{"@type":"ImageObject","inLanguage":"pl-PL","@id":"https:\/\/dev.sharep.io\/how-to-charge\/#primaryimage","url":"https:\/\/dev.sharep.io\/wp-content\/uploads\/2022\/05\/how-to-charge-ev-2022-05-27_o_09.27.33.png","contentUrl":"https:\/\/dev.sharep.io\/wp-content\/uploads\/2022\/05\/how-to-charge-ev-2022-05-27_o_09.27.33.png"},{"@type":"BreadcrumbList","@id":"https:\/\/dev.sharep.io\/how-to-charge\/#breadcrumb","itemListElement":[{"@type":"ListItem","position":1,"name":"Home","item":"https:\/\/dev.sharep.io\/"},{"@type":"ListItem","position":2,"name":"How to charge"}]},{"@type":"WebSite","@id":"https:\/\/dev.sharep.io\/fr\/#website","url":"https:\/\/dev.sharep.io\/fr\/","name":"Share.P","description":"Zr\u00f3wnowa\u017cone rozwi\u0105zania w zakresie mobilno\u015bci","publisher":{"@id":"https:\/\/dev.sharep.io\/fr\/#organization"},"potentialAction":[{"@type":"SearchAction","target":{"@type":"EntryPoint","urlTemplate":"https:\/\/dev.sharep.io\/fr\/?s={search_term_string}"},"query-input":{"@type":"PropertyValueSpecification","valueRequired":true,"valueName":"search_term_string"}}],"inLanguage":"pl-PL"},{"@type":"Organization","@id":"https:\/\/dev.sharep.io\/fr\/#organization","name":"ShareP","url":"https:\/\/dev.sharep.io\/fr\/","logo":{"@type":"ImageObject","inLanguage":"pl-PL","@id":"https:\/\/dev.sharep.io\/fr\/#\/schema\/logo\/image\/","url":"https:\/\/sharep.io\/wp-content\/uploads\/2022\/05\/SHARE_P_logo_trademark_huge_logo_trademark-1.png","contentUrl":"https:\/\/sharep.io\/wp-content\/uploads\/2022\/05\/SHARE_P_logo_trademark_huge_logo_trademark-1.png","width":3361,"height":1048,"caption":"ShareP"},"image":{"@id":"https:\/\/dev.sharep.io\/fr\/#\/schema\/logo\/image\/"}}]}},"_links":{"self":[{"href":"https:\/\/dev.sharep.io\/pl\/wp-json\/wp\/v2\/pages\/7834","targetHints":{"allow":["GET"]}}],"collection":[{"href":"https:\/\/dev.sharep.io\/pl\/wp-json\/wp\/v2\/pages"}],"about":[{"href":"https:\/\/dev.sharep.io\/pl\/wp-json\/wp\/v2\/types\/page"}],"author":[{"embeddable":true,"href":"https:\/\/dev.sharep.io\/pl\/wp-json\/wp\/v2\/users\/1"}],"replies":[{"embeddable":true,"href":"https:\/\/dev.sharep.io\/pl\/wp-json\/wp\/v2\/comments?post=7834"}],"version-history":[{"count":4,"href":"https:\/\/dev.sharep.io\/pl\/wp-json\/wp\/v2\/pages\/7834\/revisions"}],"predecessor-version":[{"id":7840,"href":"https:\/\/dev.sharep.io\/pl\/wp-json\/wp\/v2\/pages\/7834\/revisions\/7840"}],"wp:attachment":[{"href":"https:\/\/dev.sharep.io\/pl\/wp-json\/wp\/v2\/media?parent=7834"}],"curies":[{"name":"wp","href":"https:\/\/api.w.org\/{rel}","templated":true}]}}